{"id":108,"date":"2025-10-14T14:14:03","date_gmt":"2025-10-14T14:14:03","guid":{"rendered":"https:\/\/somhi.pssjd.org\/?page_id=108"},"modified":"2025-12-17T12:52:21","modified_gmt":"2025-12-17T11:52:21","slug":"que-ens-guia","status":"publish","type":"page","link":"https:\/\/www.pssjd.org\/somhi\/que-ens-guia\/","title":{"rendered":"Qu\u00e8 ens guia"},"content":{"rendered":"\t\t<div data-elementor-type=\"wp-page\" data-elementor-id=\"108\" class=\"elementor elementor-108\" data-elementor-post-type=\"page\">\n\t\t\t\t<div class=\"elementor-element elementor-element-035ff33 e-con-full e-flex e-con e-parent\" data-id=\"035ff33\" data-element_type=\"container\" data-e-type=\"container\" data-settings=\"{&quot;background_background&quot;:&quot;classic&quot;,&quot;shape_divider_bottom&quot;:&quot;curve&quot;,&quot;shape_divider_bottom_negative&quot;:&quot;yes&quot;}\">\n\t\t\t\t<div class=\"elementor-shape elementor-shape-bottom\" aria-hidden=\"true\" data-negative=\"true\">\n\t\t\t<svg xmlns=\"http:\/\/www.w3.org\/2000\/svg\" viewBox=\"0 0 1000 100\" preserveAspectRatio=\"none\">\n\t<path class=\"elementor-shape-fill\" d=\"M500,97C126.7,96.3,0.8,19.8,0,0v100l1000,0V1C1000,19.4,873.3,97.8,500,97z\"\/>\n<\/svg>\t\t<\/div>\n\t\t<div class=\"elementor-element elementor-element-1a298f5 e-con-full e-flex e-con e-child\" data-id=\"1a298f5\" data-element_type=\"container\" data-e-type=\"container\">\n\t\t<div class=\"elementor-element elementor-element-2f756c6 e-flex e-con-boxed e-con e-child\" data-id=\"2f756c6\" data-element_type=\"container\" data-e-type=\"container\">\n\t\t\t\t\t<div class=\"e-con-inner\">\n\t\t\t\t<div class=\"elementor-element elementor-element-fda14a0 elementor-invisible elementor-widget elementor-widget-heading\" data-id=\"fda14a0\" data-element_type=\"widget\" data-e-type=\"widget\" data-settings=\"{&quot;_animation&quot;:&quot;fadeIn&quot;}\" data-widget_type=\"heading.default\">\n\t\t\t\t\t<h1 class=\"elementor-heading-title elementor-size-default\">Qu\u00e8 ens guia\n<\/h1>\t\t\t\t<\/div>\n\t\t\t\t<div class=\"elementor-element elementor-element-21242dd elementor-invisible elementor-widget elementor-widget-heading\" data-id=\"21242dd\" data-element_type=\"widget\" data-e-type=\"widget\" data-settings=\"{&quot;_animation&quot;:&quot;fadeInUp&quot;}\" data-widget_type=\"heading.default\">\n\t\t\t\t\t<h1 class=\"elementor-heading-title elementor-size-default\">Els valors del Parc Sanitari SJD\n<\/h1>\t\t\t\t<\/div>\n\t\t\t\t\t<\/div>\n\t\t\t\t<\/div>\n\t\t\t\t<\/div>\n\t\t\t\t<\/div>\n\t\t<div class=\"elementor-element elementor-element-fc34bed e-con-full e-flex e-con e-parent\" data-id=\"fc34bed\" data-element_type=\"container\" data-e-type=\"container\">\n\t\t<div class=\"elementor-element elementor-element-9a4c993 e-flex e-con-boxed e-con e-child\" data-id=\"9a4c993\" data-element_type=\"container\" data-e-type=\"container\">\n\t\t\t\t\t<div class=\"e-con-inner\">\n\t\t\t\t<div class=\"elementor-element elementor-element-65fb000 elementor-invisible elementor-widget elementor-widget-heading\" data-id=\"65fb000\" data-element_type=\"widget\" data-e-type=\"widget\" data-settings=\"{&quot;_animation&quot;:&quot;fadeInUp&quot;}\" data-widget_type=\"heading.default\">\n\t\t\t\t\t<h2 class=\"elementor-heading-title elementor-size-default\">El Pla Estrat\u00e8gic 2025-2028 neix amb l\u2019aspiraci\u00f3 de <mark>transformar el Parc Sanitari Sant Joan de D\u00e9u<\/mark><\/h2>\t\t\t\t<\/div>\n\t\t\t\t\t<\/div>\n\t\t\t\t<\/div>\n\t\t\t\t<\/div>\n\t\t<div class=\"elementor-element elementor-element-8d3191d e-flex e-con-boxed e-con e-parent\" data-id=\"8d3191d\" data-element_type=\"container\" data-e-type=\"container\">\n\t\t\t\t\t<div class=\"e-con-inner\">\n\t\t<div class=\"elementor-element elementor-element-a04756b e-con-full e-flex elementor-invisible e-con e-child\" data-id=\"a04756b\" data-element_type=\"container\" data-e-type=\"container\" data-settings=\"{&quot;animation&quot;:&quot;fadeInUp&quot;}\">\n\t\t\t\t<div class=\"elementor-element elementor-element-49c2cc7 elementor-widget elementor-widget-image\" data-id=\"49c2cc7\" data-element_type=\"widget\" data-e-type=\"widget\" data-widget_type=\"image.default\">\n\t\t\t\t\t\t\t\t\t\t\t\t\t\t\t<img fetchpriority=\"high\" decoding=\"async\" width=\"300\" height=\"300\" src=\"https:\/\/www.pssjd.org\/somhi\/wp-content\/uploads\/2025\/12\/hands.png\" class=\"attachment-large size-large wp-image-445\" alt=\"\" srcset=\"https:\/\/www.pssjd.org\/somhi\/wp-content\/uploads\/2025\/12\/hands.png 300w, https:\/\/www.pssjd.org\/somhi\/wp-content\/uploads\/2025\/12\/hands-150x150.png 150w\" sizes=\"(max-width: 300px) 100vw, 300px\" \/>\t\t\t\t\t\t\t\t\t\t\t\t\t\t\t<\/div>\n\t\t\t\t<div class=\"elementor-element elementor-element-0ed7ff7 elementor-widget elementor-widget-heading\" data-id=\"0ed7ff7\" data-element_type=\"widget\" data-e-type=\"widget\" data-widget_type=\"heading.default\">\n\t\t\t\t\t<h2 class=\"elementor-heading-title elementor-size-default\">Prop\u00f2sit<\/h2>\t\t\t\t<\/div>\n\t\t\t\t<div class=\"elementor-element elementor-element-77d2fc2 elementor-widget elementor-widget-text-editor\" data-id=\"77d2fc2\" data-element_type=\"widget\" data-e-type=\"widget\" data-widget_type=\"text-editor.default\">\n\t\t\t\t\t\t\t\t\t<p class=\"p1\">Acompanyem les persones en les seves necessitats de salut i socials al llarg de la vida, per a contribuir a una societat m\u00e9s justa i solid\u00e0ria.<\/p>\t\t\t\t\t\t\t\t<\/div>\n\t\t\t\t<\/div>\n\t\t<div class=\"elementor-element elementor-element-b19d0b1 e-con-full e-flex elementor-invisible e-con e-child\" data-id=\"b19d0b1\" data-element_type=\"container\" data-e-type=\"container\" data-settings=\"{&quot;animation&quot;:&quot;fadeInUp&quot;,&quot;animation_delay&quot;:200}\">\n\t\t\t\t<div class=\"elementor-element elementor-element-f8175be elementor-widget elementor-widget-image\" data-id=\"f8175be\" data-element_type=\"widget\" data-e-type=\"widget\" data-widget_type=\"image.default\">\n\t\t\t\t\t\t\t\t\t\t\t\t\t\t\t<img decoding=\"async\" width=\"300\" height=\"300\" src=\"https:\/\/www.pssjd.org\/somhi\/wp-content\/uploads\/2025\/12\/proposit.png\" class=\"attachment-large size-large wp-image-444\" alt=\"\" srcset=\"https:\/\/www.pssjd.org\/somhi\/wp-content\/uploads\/2025\/12\/proposit.png 300w, https:\/\/www.pssjd.org\/somhi\/wp-content\/uploads\/2025\/12\/proposit-150x150.png 150w\" sizes=\"(max-width: 300px) 100vw, 300px\" \/>\t\t\t\t\t\t\t\t\t\t\t\t\t\t\t<\/div>\n\t\t\t\t<div class=\"elementor-element elementor-element-80ccf23 elementor-widget elementor-widget-heading\" data-id=\"80ccf23\" data-element_type=\"widget\" data-e-type=\"widget\" data-widget_type=\"heading.default\">\n\t\t\t\t\t<h2 class=\"elementor-heading-title elementor-size-default\">La missi\u00f3<\/h2>\t\t\t\t<\/div>\n\t\t\t\t<div class=\"elementor-element elementor-element-3750cfa elementor-widget elementor-widget-text-editor\" data-id=\"3750cfa\" data-element_type=\"widget\" data-e-type=\"widget\" data-widget_type=\"text-editor.default\">\n\t\t\t\t\t\t\t\t\t<p class=\"p1\">Som una xarxa de serveis sanitaris i socials sense \u00e0nim de lucre de l\u2019Orde Hospitalari de Sant Joan de D\u00e9u. Oferim una atenci\u00f3 integral, humana i personalitzada, promovent la salut i l\u2019autonomia de les persones: mitjan\u00e7ant una millora constant de la nostra compet\u00e8ncia t\u00e8cnica i de les actituds humanes i \u00e8tiques.<\/p>\t\t\t\t\t\t\t\t<\/div>\n\t\t\t\t<\/div>\n\t\t<div class=\"elementor-element elementor-element-8abe455 e-con-full e-flex elementor-invisible e-con e-child\" data-id=\"8abe455\" data-element_type=\"container\" data-e-type=\"container\" data-settings=\"{&quot;animation&quot;:&quot;fadeInUp&quot;,&quot;animation_delay&quot;:400}\">\n\t\t\t\t<div class=\"elementor-element elementor-element-4b0ceec elementor-widget elementor-widget-image\" data-id=\"4b0ceec\" data-element_type=\"widget\" data-e-type=\"widget\" data-widget_type=\"image.default\">\n\t\t\t\t\t\t\t\t\t\t\t\t\t\t\t<img decoding=\"async\" width=\"300\" height=\"300\" src=\"https:\/\/www.pssjd.org\/somhi\/wp-content\/uploads\/2025\/12\/visio.png\" class=\"attachment-large size-large wp-image-446\" alt=\"\" srcset=\"https:\/\/www.pssjd.org\/somhi\/wp-content\/uploads\/2025\/12\/visio.png 300w, https:\/\/www.pssjd.org\/somhi\/wp-content\/uploads\/2025\/12\/visio-150x150.png 150w\" sizes=\"(max-width: 300px) 100vw, 300px\" \/>\t\t\t\t\t\t\t\t\t\t\t\t\t\t\t<\/div>\n\t\t\t\t<div class=\"elementor-element elementor-element-10c5371 elementor-widget elementor-widget-heading\" data-id=\"10c5371\" data-element_type=\"widget\" data-e-type=\"widget\" data-widget_type=\"heading.default\">\n\t\t\t\t\t<h2 class=\"elementor-heading-title elementor-size-default\">La visi\u00f3<\/h2>\t\t\t\t<\/div>\n\t\t\t\t<div class=\"elementor-element elementor-element-aab519c elementor-widget elementor-widget-text-editor\" data-id=\"aab519c\" data-element_type=\"widget\" data-e-type=\"widget\" data-widget_type=\"text-editor.default\">\n\t\t\t\t\t\t\t\t\t<p class=\"p1\">Una organitzaci\u00f3 que desenvolupa un model d\u2019atenci\u00f3 integral i de proximitat que genera confian\u00e7a, orientada a la persona i que prioritza les seves necessitats, que col\u00b7labora amb les pol\u00edtiques p\u00fabliques amb rol actiu, que potencia una doc\u00e8ncia, investigaci\u00f3 i innovaci\u00f3 aplicades a la millora de l\u2019atenci\u00f3 i sostenible, econ\u00f2micament i mediambientalment.<\/p>\t\t\t\t\t\t\t\t<\/div>\n\t\t\t\t<\/div>\n\t\t<div class=\"elementor-element elementor-element-256ef77 e-con-full e-flex elementor-invisible e-con e-child\" data-id=\"256ef77\" data-element_type=\"container\" data-e-type=\"container\" data-settings=\"{&quot;animation&quot;:&quot;fadeInUp&quot;,&quot;animation_delay&quot;:600}\">\n\t\t\t\t<div class=\"elementor-element elementor-element-aae28bd elementor-widget elementor-widget-image\" data-id=\"aae28bd\" data-element_type=\"widget\" data-e-type=\"widget\" data-widget_type=\"image.default\">\n\t\t\t\t\t\t\t\t\t\t\t\t\t\t\t<img loading=\"lazy\" decoding=\"async\" width=\"300\" height=\"300\" src=\"https:\/\/www.pssjd.org\/somhi\/wp-content\/uploads\/2025\/12\/valors.png\" class=\"attachment-large size-large wp-image-443\" alt=\"\" srcset=\"https:\/\/www.pssjd.org\/somhi\/wp-content\/uploads\/2025\/12\/valors.png 300w, https:\/\/www.pssjd.org\/somhi\/wp-content\/uploads\/2025\/12\/valors-150x150.png 150w\" sizes=\"(max-width: 300px) 100vw, 300px\" \/>\t\t\t\t\t\t\t\t\t\t\t\t\t\t\t<\/div>\n\t\t\t\t<div class=\"elementor-element elementor-element-67fc0e9 elementor-widget elementor-widget-heading\" data-id=\"67fc0e9\" data-element_type=\"widget\" data-e-type=\"widget\" data-widget_type=\"heading.default\">\n\t\t\t\t\t<h2 class=\"elementor-heading-title elementor-size-default\">Els valors<\/h2>\t\t\t\t<\/div>\n\t\t\t\t<div class=\"elementor-element elementor-element-e256445 elementor-widget elementor-widget-text-editor\" data-id=\"e256445\" data-element_type=\"widget\" data-e-type=\"widget\" data-widget_type=\"text-editor.default\">\n\t\t\t\t\t\t\t\t\t<p><span class=\"mark\">Hospitalitat<\/span><br \/><span class=\"mark\">Respecte<br \/><\/span><span class=\"mark\">Humanisme<br \/><\/span><span class=\"mark\">Espiritualitat<br \/><\/span><span class=\"mark\">Responsabilitat<br \/><\/span><span class=\"mark\">Solidaritat<br \/><\/span><span class=\"mark\">Qualitat\u00a0<\/span><\/p>\t\t\t\t\t\t\t\t<\/div>\n\t\t\t\t<\/div>\n\t\t\t\t\t<\/div>\n\t\t\t\t<\/div>\n\t\t<div class=\"elementor-element elementor-element-72c40bc e-flex e-con-boxed e-con e-parent\" data-id=\"72c40bc\" data-element_type=\"container\" data-e-type=\"container\">\n\t\t\t\t\t<div class=\"e-con-inner\">\n\t\t\t\t<div class=\"elementor-element elementor-element-7211b7c elementor-invisible elementor-widget elementor-widget-image\" data-id=\"7211b7c\" data-element_type=\"widget\" data-e-type=\"widget\" data-settings=\"{&quot;_animation&quot;:&quot;fadeInLeft&quot;}\" data-widget_type=\"image.default\">\n\t\t\t\t\t\t\t\t\t\t\t\t\t\t\t<img loading=\"lazy\" decoding=\"async\" width=\"800\" height=\"533\" src=\"https:\/\/www.pssjd.org\/somhi\/wp-content\/uploads\/2025\/12\/VALORS-1.jpg\" class=\"attachment-large size-large wp-image-362\" alt=\"\" srcset=\"https:\/\/www.pssjd.org\/somhi\/wp-content\/uploads\/2025\/12\/VALORS-1.jpg 800w, https:\/\/www.pssjd.org\/somhi\/wp-content\/uploads\/2025\/12\/VALORS-1-300x200.jpg 300w, https:\/\/www.pssjd.org\/somhi\/wp-content\/uploads\/2025\/12\/VALORS-1-768x512.jpg 768w\" sizes=\"(max-width: 800px) 100vw, 800px\" \/>\t\t\t\t\t\t\t\t\t\t\t\t\t\t\t<\/div>\n\t\t\t\t<div class=\"elementor-element elementor-element-6aeb413 elementor-invisible elementor-widget elementor-widget-image\" data-id=\"6aeb413\" data-element_type=\"widget\" data-e-type=\"widget\" data-settings=\"{&quot;_animation&quot;:&quot;fadeInRight&quot;}\" data-widget_type=\"image.default\">\n\t\t\t\t\t\t\t\t\t\t\t\t\t\t\t<img loading=\"lazy\" decoding=\"async\" width=\"800\" height=\"533\" src=\"https:\/\/www.pssjd.org\/somhi\/wp-content\/uploads\/2025\/12\/VALORS-2B.jpg\" class=\"attachment-large size-large wp-image-447\" alt=\"\" srcset=\"https:\/\/www.pssjd.org\/somhi\/wp-content\/uploads\/2025\/12\/VALORS-2B.jpg 800w, https:\/\/www.pssjd.org\/somhi\/wp-content\/uploads\/2025\/12\/VALORS-2B-300x200.jpg 300w, https:\/\/www.pssjd.org\/somhi\/wp-content\/uploads\/2025\/12\/VALORS-2B-768x512.jpg 768w\" sizes=\"(max-width: 800px) 100vw, 800px\" \/>\t\t\t\t\t\t\t\t\t\t\t\t\t\t\t<\/div>\n\t\t\t\t\t<\/div>\n\t\t\t\t<\/div>\n\t\t\t\t<\/div>\n\t\t","protected":false},"excerpt":{"rendered":"<p>Qu\u00e8 ens guia Els valors del Parc Sanitari SJD El Pla Estrat\u00e8gic 2025-2028 neix amb l\u2019aspiraci\u00f3 de transformar el Parc Sanitari Sant Joan de D\u00e9u Prop\u00f2sit Acompanyem les persones en les seves necessitats de salut i socials al llarg de la vida, per a contribuir a una societat m\u00e9s justa i solid\u00e0ria. La missi\u00f3 Som [&hellip;]<\/p>\n","protected":false},"author":1,"featured_media":0,"parent":0,"menu_order":0,"comment_status":"closed","ping_status":"closed","template":"elementor_header_footer","meta":{"footnotes":""},"class_list":["post-108","page","type-page","status-publish","hentry"],"_links":{"self":[{"href":"https:\/\/www.pssjd.org\/somhi\/wp-json\/wp\/v2\/pages\/108","targetHints":{"allow":["GET"]}}],"collection":[{"href":"https:\/\/www.pssjd.org\/somhi\/wp-json\/wp\/v2\/pages"}],"about":[{"href":"https:\/\/www.pssjd.org\/somhi\/wp-json\/wp\/v2\/types\/page"}],"author":[{"embeddable":true,"href":"https:\/\/www.pssjd.org\/somhi\/wp-json\/wp\/v2\/users\/1"}],"replies":[{"embeddable":true,"href":"https:\/\/www.pssjd.org\/somhi\/wp-json\/wp\/v2\/comments?post=108"}],"version-history":[{"count":58,"href":"https:\/\/www.pssjd.org\/somhi\/wp-json\/wp\/v2\/pages\/108\/revisions"}],"predecessor-version":[{"id":517,"href":"https:\/\/www.pssjd.org\/somhi\/wp-json\/wp\/v2\/pages\/108\/revisions\/517"}],"wp:attachment":[{"href":"https:\/\/www.pssjd.org\/somhi\/wp-json\/wp\/v2\/media?parent=108"}],"curies":[{"name":"wp","href":"https:\/\/api.w.org\/{rel}","templated":true}]}}