{"id":252,"date":"2025-11-17T12:17:49","date_gmt":"2025-11-17T12:17:49","guid":{"rendered":"https:\/\/somhi.pssjd.org\/?page_id=252"},"modified":"2025-12-17T12:48:58","modified_gmt":"2025-12-17T11:48:58","slug":"eixos","status":"publish","type":"page","link":"https:\/\/www.pssjd.org\/somhi\/","title":{"rendered":"Eixos"},"content":{"rendered":"\t\t<div data-elementor-type=\"wp-page\" data-elementor-id=\"252\" class=\"elementor elementor-252\" data-elementor-post-type=\"page\">\n\t\t\t\t<div class=\"elementor-element elementor-element-199d332b e-con-full e-flex e-con e-parent\" data-id=\"199d332b\" data-element_type=\"container\" data-e-type=\"container\" data-settings=\"{&quot;background_background&quot;:&quot;classic&quot;,&quot;shape_divider_bottom&quot;:&quot;curve&quot;,&quot;shape_divider_bottom_negative&quot;:&quot;yes&quot;}\">\n\t\t\t\t<div class=\"elementor-shape elementor-shape-bottom\" aria-hidden=\"true\" data-negative=\"true\">\n\t\t\t<svg xmlns=\"http:\/\/www.w3.org\/2000\/svg\" viewBox=\"0 0 1000 100\" preserveAspectRatio=\"none\">\n\t<path class=\"elementor-shape-fill\" d=\"M500,97C126.7,96.3,0.8,19.8,0,0v100l1000,0V1C1000,19.4,873.3,97.8,500,97z\"\/>\n<\/svg>\t\t<\/div>\n\t\t<div class=\"elementor-element elementor-element-837c4df e-con-full e-flex e-con e-child\" data-id=\"837c4df\" data-element_type=\"container\" data-e-type=\"container\">\n\t\t<div class=\"elementor-element elementor-element-3a3364a4 e-flex e-con-boxed e-con e-child\" data-id=\"3a3364a4\" data-element_type=\"container\" data-e-type=\"container\">\n\t\t\t\t\t<div class=\"e-con-inner\">\n\t\t\t\t<div class=\"elementor-element elementor-element-8cb90b5 elementor-invisible elementor-widget elementor-widget-heading\" data-id=\"8cb90b5\" data-element_type=\"widget\" data-e-type=\"widget\" data-settings=\"{&quot;_animation&quot;:&quot;fadeIn&quot;}\" data-widget_type=\"heading.default\">\n\t\t\t\t\t<h1 class=\"elementor-heading-title elementor-size-default\">EIXOS<\/h1>\t\t\t\t<\/div>\n\t\t\t\t<div class=\"elementor-element elementor-element-3ae2bd5 elementor-invisible elementor-widget elementor-widget-heading\" data-id=\"3ae2bd5\" data-element_type=\"widget\" data-e-type=\"widget\" data-settings=\"{&quot;_animation&quot;:&quot;fadeInUp&quot;}\" data-widget_type=\"heading.default\">\n\t\t\t\t\t<h1 class=\"elementor-heading-title elementor-size-default\">Tres eixos, tres vies per seguir avan\u00e7ant<\/h1>\t\t\t\t<\/div>\n\t\t\t\t\t<\/div>\n\t\t\t\t<\/div>\n\t\t\t\t<\/div>\n\t\t\t\t<\/div>\n\t\t<div class=\"elementor-element elementor-element-fc34bed e-con-full e-flex e-con e-parent\" data-id=\"fc34bed\" data-element_type=\"container\" data-e-type=\"container\" data-settings=\"{&quot;background_background&quot;:&quot;classic&quot;}\">\n\t\t<div class=\"elementor-element elementor-element-9a4c993 e-flex e-con-boxed e-con e-child\" data-id=\"9a4c993\" data-element_type=\"container\" data-e-type=\"container\">\n\t\t\t\t\t<div class=\"e-con-inner\">\n\t\t\t\t<div class=\"elementor-element elementor-element-65fb000 elementor-invisible elementor-widget elementor-widget-heading\" data-id=\"65fb000\" data-element_type=\"widget\" data-e-type=\"widget\" data-settings=\"{&quot;_animation&quot;:&quot;fadeInUp&quot;}\" data-widget_type=\"heading.default\">\n\t\t\t\t\t<h2 class=\"elementor-heading-title elementor-size-default\">Acompanyem les persones en les seves <mark>necessitats de salut i socials<\/mark> al llarg de la vida, per contribuir a una societat m\u00e9s justa i solid\u00e0ria<\/h2>\t\t\t\t<\/div>\n\t\t<div class=\"elementor-element elementor-element-4fc91fd e-con-full e-flex e-con e-child\" data-id=\"4fc91fd\" data-element_type=\"container\" data-e-type=\"container\">\n\t\t<div class=\"elementor-element elementor-element-a799aac e-con-full e-flex e-con e-child\" data-id=\"a799aac\" data-element_type=\"container\" data-e-type=\"container\">\n\t\t\t\t<div class=\"elementor-element elementor-element-62bbb83 elementor-widget elementor-widget-text-editor\" data-id=\"62bbb83\" data-element_type=\"widget\" data-e-type=\"widget\" data-widget_type=\"text-editor.default\">\n\t\t\t\t\t\t\t\t\t<p>El Pla Estrat\u00e8gic del Parc Sanitari Sant Joan de D\u00e9u neix de la voluntat d\u2019integrar la instituci\u00f3 en un proc\u00e9s de transformaci\u00f3 a partir dels valors que ens fan \u00fanics, amb l\u2019objectiu de millorar l\u2019experi\u00e8ncia del pacient i convertir el Parc Sanitari Sant Joan de D\u00e9u en un referent en:<\/p>\t\t\t\t\t\t\t\t<\/div>\n\t\t\t\t<div class=\"elementor-element elementor-element-aab88fe elementor-widget elementor-widget-text-editor\" data-id=\"aab88fe\" data-element_type=\"widget\" data-e-type=\"widget\" data-widget_type=\"text-editor.default\">\n\t\t\t\t\t\t\t\t\t<p><span class=\"mark\">Salut Mental<\/span><br \/><span class=\"mark\">Depend\u00e8ncia i Atenci\u00f3 Interm\u00e8dia<\/span><br \/><span class=\"mark\">Coneixement<\/span><br \/><span class=\"mark\">Nou model de salut integrada de Catalunya\u00a0\u00a0<\/span><\/p>\t\t\t\t\t\t\t\t<\/div>\n\t\t\t\t<\/div>\n\t\t<div class=\"elementor-element elementor-element-049a6e3 e-con-full e-flex e-con e-child\" data-id=\"049a6e3\" data-element_type=\"container\" data-e-type=\"container\">\n\t\t\t\t<div class=\"elementor-element elementor-element-1730ea3 elementor-invisible elementor-widget elementor-widget-image\" data-id=\"1730ea3\" data-element_type=\"widget\" data-e-type=\"widget\" data-settings=\"{&quot;_animation&quot;:&quot;fadeInRight&quot;}\" data-widget_type=\"image.default\">\n\t\t\t\t\t\t\t\t\t\t\t\t\t\t\t<img fetchpriority=\"high\" decoding=\"async\" width=\"800\" height=\"533\" src=\"https:\/\/www.pssjd.org\/somhi\/wp-content\/uploads\/2025\/12\/FOTO-INTRO-EIXOS.jpg\" class=\"attachment-large size-large wp-image-319\" alt=\"\" srcset=\"https:\/\/www.pssjd.org\/somhi\/wp-content\/uploads\/2025\/12\/FOTO-INTRO-EIXOS.jpg 800w, https:\/\/www.pssjd.org\/somhi\/wp-content\/uploads\/2025\/12\/FOTO-INTRO-EIXOS-300x200.jpg 300w, https:\/\/www.pssjd.org\/somhi\/wp-content\/uploads\/2025\/12\/FOTO-INTRO-EIXOS-768x512.jpg 768w\" sizes=\"(max-width: 800px) 100vw, 800px\" \/>\t\t\t\t\t\t\t\t\t\t\t\t\t\t\t<\/div>\n\t\t\t\t<\/div>\n\t\t\t\t<\/div>\n\t\t\t\t\t<\/div>\n\t\t\t\t<\/div>\n\t\t<div class=\"elementor-element elementor-element-16a2bf9 e-flex e-con-boxed e-con e-child\" data-id=\"16a2bf9\" data-element_type=\"container\" data-e-type=\"container\">\n\t\t\t\t\t<div class=\"e-con-inner\">\n\t\t<div class=\"elementor-element elementor-element-15de85d e-con-full e-flex elementor-invisible e-con e-child\" data-id=\"15de85d\" data-element_type=\"container\" data-e-type=\"container\" data-settings=\"{&quot;background_background&quot;:&quot;classic&quot;,&quot;animation&quot;:&quot;fadeInUp&quot;}\">\n\t\t\t\t<div class=\"elementor-element elementor-element-0716cd9 elementor-invisible elementor-widget elementor-widget-heading\" data-id=\"0716cd9\" data-element_type=\"widget\" data-e-type=\"widget\" data-settings=\"{&quot;_animation&quot;:&quot;fadeInUp&quot;}\" data-widget_type=\"heading.default\">\n\t\t\t\t\t<h2 class=\"elementor-heading-title elementor-size-default\">Eix 1<\/h2>\t\t\t\t<\/div>\n\t\t\t\t<div class=\"elementor-element elementor-element-c899a40 elementor-widget elementor-widget-image\" data-id=\"c899a40\" data-element_type=\"widget\" data-e-type=\"widget\" data-widget_type=\"image.default\">\n\t\t\t\t\t\t\t\t\t\t\t\t\t\t\t<img decoding=\"async\" width=\"300\" height=\"300\" src=\"https:\/\/www.pssjd.org\/somhi\/wp-content\/uploads\/2025\/12\/eix1.png\" class=\"attachment-large size-large wp-image-413\" alt=\"\" srcset=\"https:\/\/www.pssjd.org\/somhi\/wp-content\/uploads\/2025\/12\/eix1.png 300w, https:\/\/www.pssjd.org\/somhi\/wp-content\/uploads\/2025\/12\/eix1-150x150.png 150w\" sizes=\"(max-width: 300px) 100vw, 300px\" \/>\t\t\t\t\t\t\t\t\t\t\t\t\t\t\t<\/div>\n\t\t\t\t<div class=\"elementor-element elementor-element-3bf2b86 elementor-invisible elementor-widget elementor-widget-heading\" data-id=\"3bf2b86\" data-element_type=\"widget\" data-e-type=\"widget\" data-settings=\"{&quot;_animation&quot;:&quot;fadeInUp&quot;}\" data-widget_type=\"heading.default\">\n\t\t\t\t\t<h3 class=\"elementor-heading-title elementor-size-default\">Persona Atesa, Model Assistencial i Coneixement<\/h3>\t\t\t\t<\/div>\n\t\t\t\t<div class=\"elementor-element elementor-element-6fb03bd elementor-widget elementor-widget-button\" data-id=\"6fb03bd\" data-element_type=\"widget\" data-e-type=\"widget\" data-widget_type=\"button.default\">\n\t\t\t\t\t\t\t\t\t\t<a class=\"elementor-button elementor-button-link elementor-size-sm\" href=\"\/#eix1\">\n\t\t\t\t\t\t<span class=\"elementor-button-content-wrapper\">\n\t\t\t\t\t\t\t\t\t<span class=\"elementor-button-text\">L\u00ednes estrat\u00e8giques<\/span>\n\t\t\t\t\t<\/span>\n\t\t\t\t\t<\/a>\n\t\t\t\t\t\t\t\t<\/div>\n\t\t\t\t<\/div>\n\t\t<div class=\"elementor-element elementor-element-8919463 e-con-full e-flex elementor-invisible e-con e-child\" data-id=\"8919463\" data-element_type=\"container\" data-e-type=\"container\" data-settings=\"{&quot;background_background&quot;:&quot;classic&quot;,&quot;animation&quot;:&quot;fadeInUp&quot;,&quot;animation_delay&quot;:200}\">\n\t\t\t\t<div class=\"elementor-element elementor-element-5d3cff8 elementor-invisible elementor-widget elementor-widget-heading\" data-id=\"5d3cff8\" data-element_type=\"widget\" data-e-type=\"widget\" data-settings=\"{&quot;_animation&quot;:&quot;fadeInUp&quot;}\" data-widget_type=\"heading.default\">\n\t\t\t\t\t<h2 class=\"elementor-heading-title elementor-size-default\">Eix 2<\/h2>\t\t\t\t<\/div>\n\t\t\t\t<div class=\"elementor-element elementor-element-696f48b elementor-widget elementor-widget-image\" data-id=\"696f48b\" data-element_type=\"widget\" data-e-type=\"widget\" data-widget_type=\"image.default\">\n\t\t\t\t\t\t\t\t\t\t\t\t\t\t\t<img decoding=\"async\" width=\"300\" height=\"300\" src=\"https:\/\/www.pssjd.org\/somhi\/wp-content\/uploads\/2025\/12\/eix2.png\" class=\"attachment-large size-large wp-image-412\" alt=\"\" srcset=\"https:\/\/www.pssjd.org\/somhi\/wp-content\/uploads\/2025\/12\/eix2.png 300w, https:\/\/www.pssjd.org\/somhi\/wp-content\/uploads\/2025\/12\/eix2-150x150.png 150w\" sizes=\"(max-width: 300px) 100vw, 300px\" \/>\t\t\t\t\t\t\t\t\t\t\t\t\t\t\t<\/div>\n\t\t\t\t<div class=\"elementor-element elementor-element-e45d4f3 elementor-invisible elementor-widget elementor-widget-heading\" data-id=\"e45d4f3\" data-element_type=\"widget\" data-e-type=\"widget\" data-settings=\"{&quot;_animation&quot;:&quot;fadeInUp&quot;}\" data-widget_type=\"heading.default\">\n\t\t\t\t\t<h3 class=\"elementor-heading-title elementor-size-default\">Professionals i Organitzaci\u00f3<\/h3>\t\t\t\t<\/div>\n\t\t\t\t<div class=\"elementor-element elementor-element-774c85a elementor-widget elementor-widget-button\" data-id=\"774c85a\" data-element_type=\"widget\" data-e-type=\"widget\" data-widget_type=\"button.default\">\n\t\t\t\t\t\t\t\t\t\t<a class=\"elementor-button elementor-button-link elementor-size-sm\" href=\"\/#eix2\">\n\t\t\t\t\t\t<span class=\"elementor-button-content-wrapper\">\n\t\t\t\t\t\t\t\t\t<span class=\"elementor-button-text\">L\u00ednes estrat\u00e8giques<\/span>\n\t\t\t\t\t<\/span>\n\t\t\t\t\t<\/a>\n\t\t\t\t\t\t\t\t<\/div>\n\t\t\t\t<\/div>\n\t\t<div class=\"elementor-element elementor-element-05bcd04 e-con-full e-flex elementor-invisible e-con e-child\" data-id=\"05bcd04\" data-element_type=\"container\" data-e-type=\"container\" data-settings=\"{&quot;background_background&quot;:&quot;classic&quot;,&quot;animation&quot;:&quot;fadeInUp&quot;,&quot;animation_delay&quot;:400}\">\n\t\t\t\t<div class=\"elementor-element elementor-element-13967ba elementor-invisible elementor-widget elementor-widget-heading\" data-id=\"13967ba\" data-element_type=\"widget\" data-e-type=\"widget\" data-settings=\"{&quot;_animation&quot;:&quot;fadeInUp&quot;}\" data-widget_type=\"heading.default\">\n\t\t\t\t\t<h2 class=\"elementor-heading-title elementor-size-default\">Eix 3<\/h2>\t\t\t\t<\/div>\n\t\t\t\t<div class=\"elementor-element elementor-element-242a4ca elementor-widget elementor-widget-image\" data-id=\"242a4ca\" data-element_type=\"widget\" data-e-type=\"widget\" data-widget_type=\"image.default\">\n\t\t\t\t\t\t\t\t\t\t\t\t\t\t\t<img loading=\"lazy\" decoding=\"async\" width=\"300\" height=\"300\" src=\"https:\/\/www.pssjd.org\/somhi\/wp-content\/uploads\/2025\/12\/eix3.png\" class=\"attachment-large size-large wp-image-411\" alt=\"\" srcset=\"https:\/\/www.pssjd.org\/somhi\/wp-content\/uploads\/2025\/12\/eix3.png 300w, https:\/\/www.pssjd.org\/somhi\/wp-content\/uploads\/2025\/12\/eix3-150x150.png 150w\" sizes=\"(max-width: 300px) 100vw, 300px\" \/>\t\t\t\t\t\t\t\t\t\t\t\t\t\t\t<\/div>\n\t\t\t\t<div class=\"elementor-element elementor-element-e90e20b elementor-invisible elementor-widget elementor-widget-heading\" data-id=\"e90e20b\" data-element_type=\"widget\" data-e-type=\"widget\" data-settings=\"{&quot;_animation&quot;:&quot;fadeInUp&quot;}\" data-widget_type=\"heading.default\">\n\t\t\t\t\t<h3 class=\"elementor-heading-title elementor-size-default\">Ecosistema, Impacte i Territori<\/h3>\t\t\t\t<\/div>\n\t\t<div class=\"elementor-element elementor-element-b2ae06b e-con-full e-flex e-con e-child\" data-id=\"b2ae06b\" data-element_type=\"container\" data-e-type=\"container\">\n\t\t\t\t<div class=\"elementor-element elementor-element-534ddd7 elementor-widget elementor-widget-button\" data-id=\"534ddd7\" data-element_type=\"widget\" data-e-type=\"widget\" data-widget_type=\"button.default\">\n\t\t\t\t\t\t\t\t\t\t<a class=\"elementor-button elementor-button-link elementor-size-sm\" href=\"\/#eix3\">\n\t\t\t\t\t\t<span class=\"elementor-button-content-wrapper\">\n\t\t\t\t\t\t\t\t\t<span class=\"elementor-button-text\">L\u00ednes estrat\u00e8giques<\/span>\n\t\t\t\t\t<\/span>\n\t\t\t\t\t<\/a>\n\t\t\t\t\t\t\t\t<\/div>\n\t\t\t\t<\/div>\n\t\t\t\t<\/div>\n\t\t\t\t\t<\/div>\n\t\t\t\t<\/div>\n\t\t\t\t<\/div>\n\t\t<div class=\"elementor-element elementor-element-37d0475 e-flex e-con-boxed e-con e-parent\" data-id=\"37d0475\" data-element_type=\"container\" data-e-type=\"container\" id=\"eix1\">\n\t\t\t\t\t<div class=\"e-con-inner\">\n\t\t<div class=\"elementor-element elementor-element-1a180f11 e-flex e-con-boxed e-con e-child\" data-id=\"1a180f11\" data-element_type=\"container\" data-e-type=\"container\">\n\t\t\t\t\t<div class=\"e-con-inner\">\n\t\t<div class=\"elementor-element elementor-element-4fa465d7 e-con-full e-flex elementor-invisible e-con e-child\" data-id=\"4fa465d7\" data-element_type=\"container\" data-e-type=\"container\" data-settings=\"{&quot;animation&quot;:&quot;fadeInUp&quot;}\">\n\t\t\t\t<div class=\"elementor-element elementor-element-d6f9968 elementor-widget__width-inherit elementor-invisible elementor-widget elementor-widget-heading\" data-id=\"d6f9968\" data-element_type=\"widget\" data-e-type=\"widget\" data-settings=\"{&quot;_animation&quot;:&quot;fadeInUp&quot;}\" data-widget_type=\"heading.default\">\n\t\t\t\t\t<h2 class=\"elementor-heading-title elementor-size-default\">Eix 1<\/h2>\t\t\t\t<\/div>\n\t\t\t\t<div class=\"elementor-element elementor-element-36f78f68 elementor-widget elementor-widget-heading\" data-id=\"36f78f68\" data-element_type=\"widget\" data-e-type=\"widget\" data-widget_type=\"heading.default\">\n\t\t\t\t\t<h2 class=\"elementor-heading-title elementor-size-default\">Persona Atesa, Model Assistencial i Coneixement<\/h2>\t\t\t\t<\/div>\n\t\t\t\t<div class=\"elementor-element elementor-element-4ad19cab elementor-widget elementor-widget-text-editor\" data-id=\"4ad19cab\" data-element_type=\"widget\" data-e-type=\"widget\" data-widget_type=\"text-editor.default\">\n\t\t\t\t\t\t\t\t\tAquest pla ha d\u2019ajudar a <b>impulsar el coneixement per aportar valor a la persona atesa.\n<\/b>\t\t\t\t\t\t\t\t<\/div>\n\t\t\t\t<div class=\"elementor-element elementor-element-8c91256 elementor-widget elementor-widget-text-editor\" data-id=\"8c91256\" data-element_type=\"widget\" data-e-type=\"widget\" data-widget_type=\"text-editor.default\">\n\t\t\t\t\t\t\t\t\t<p><span class=\"mark\">L01<\/span><br \/>Transformem el nostre model d\u2019atenci\u00f3 cap a un model integrat, amb la participaci\u00f3 activa de la ciutadania.<\/p><p><span class=\"mark\">L02<\/span><br \/>Avancem en la cultura de la millora continua i la humanitzaci\u00f3 en totes les iniciatives de l\u2019organitzaci\u00f3.<\/p><p><span class=\"mark\">L03<\/span><br \/>Desenvolupem \u00e0rees de supraespecialitzaci\u00f3 i terciarisme, incorporant la recerca i la innovaci\u00f3 en la pr\u00e0ctica assistencial.<\/p><p><span class=\"mark\">L04<\/span><br \/>Creem un eix cient\u00edfic, docent i d\u2019innovaci\u00f3.<\/p>\t\t\t\t\t\t\t\t<\/div>\n\t\t\t\t<\/div>\n\t\t<div class=\"elementor-element elementor-element-a1f839d animated-slow e-flex e-con-boxed elementor-invisible e-con e-child\" data-id=\"a1f839d\" data-element_type=\"container\" data-e-type=\"container\" data-settings=\"{&quot;animation&quot;:&quot;pulse&quot;}\">\n\t\t\t\t\t<div class=\"e-con-inner\">\n\t\t\t\t<div class=\"elementor-element elementor-element-3e4f2bd elementor-widget elementor-widget-image\" data-id=\"3e4f2bd\" data-element_type=\"widget\" data-e-type=\"widget\" data-widget_type=\"image.default\">\n\t\t\t\t\t\t\t\t\t\t\t\t\t\t\t<img loading=\"lazy\" decoding=\"async\" width=\"800\" height=\"600\" src=\"https:\/\/www.pssjd.org\/somhi\/wp-content\/uploads\/2025\/12\/EIX1.jpg\" class=\"attachment-large size-large wp-image-322\" alt=\"\" srcset=\"https:\/\/www.pssjd.org\/somhi\/wp-content\/uploads\/2025\/12\/EIX1.jpg 800w, https:\/\/www.pssjd.org\/somhi\/wp-content\/uploads\/2025\/12\/EIX1-300x225.jpg 300w, https:\/\/www.pssjd.org\/somhi\/wp-content\/uploads\/2025\/12\/EIX1-768x576.jpg 768w\" sizes=\"(max-width: 800px) 100vw, 800px\" \/>\t\t\t\t\t\t\t\t\t\t\t\t\t\t\t<\/div>\n\t\t\t\t\t<\/div>\n\t\t\t\t<\/div>\n\t\t\t\t\t<\/div>\n\t\t\t\t<\/div>\n\t\t\t\t\t<\/div>\n\t\t\t\t<\/div>\n\t\t<div class=\"elementor-element elementor-element-c78d5a8 e-flex e-con-boxed e-con e-parent\" data-id=\"c78d5a8\" data-element_type=\"container\" data-e-type=\"container\" id=\"eix2\">\n\t\t\t\t\t<div class=\"e-con-inner\">\n\t\t<div class=\"elementor-element elementor-element-734aa68 e-flex e-con-boxed e-con e-child\" data-id=\"734aa68\" data-element_type=\"container\" data-e-type=\"container\">\n\t\t\t\t\t<div class=\"e-con-inner\">\n\t\t<div class=\"elementor-element elementor-element-5035ebe animated-slow e-flex e-con-boxed elementor-invisible e-con e-child\" data-id=\"5035ebe\" data-element_type=\"container\" data-e-type=\"container\" data-settings=\"{&quot;animation&quot;:&quot;pulse&quot;}\">\n\t\t\t\t\t<div class=\"e-con-inner\">\n\t\t\t\t<div class=\"elementor-element elementor-element-d93ae4e elementor-widget elementor-widget-image\" data-id=\"d93ae4e\" data-element_type=\"widget\" data-e-type=\"widget\" data-widget_type=\"image.default\">\n\t\t\t\t\t\t\t\t\t\t\t\t\t\t\t<img loading=\"lazy\" decoding=\"async\" width=\"800\" height=\"533\" src=\"https:\/\/www.pssjd.org\/somhi\/wp-content\/uploads\/2025\/12\/EIX2.jpg\" class=\"attachment-full size-full wp-image-321\" alt=\"\" srcset=\"https:\/\/www.pssjd.org\/somhi\/wp-content\/uploads\/2025\/12\/EIX2.jpg 800w, https:\/\/www.pssjd.org\/somhi\/wp-content\/uploads\/2025\/12\/EIX2-300x200.jpg 300w, https:\/\/www.pssjd.org\/somhi\/wp-content\/uploads\/2025\/12\/EIX2-768x512.jpg 768w\" sizes=\"(max-width: 800px) 100vw, 800px\" \/>\t\t\t\t\t\t\t\t\t\t\t\t\t\t\t<\/div>\n\t\t<div class=\"elementor-element elementor-element-d488a4c e-con-full e-flex elementor-invisible e-con e-child\" data-id=\"d488a4c\" data-element_type=\"container\" data-e-type=\"container\" data-settings=\"{&quot;animation&quot;:&quot;fadeInUp&quot;}\">\n\t\t\t\t<div class=\"elementor-element elementor-element-74f759a elementor-widget__width-inherit elementor-invisible elementor-widget elementor-widget-heading\" data-id=\"74f759a\" data-element_type=\"widget\" data-e-type=\"widget\" data-settings=\"{&quot;_animation&quot;:&quot;fadeInUp&quot;}\" data-widget_type=\"heading.default\">\n\t\t\t\t\t<h2 class=\"elementor-heading-title elementor-size-default\">Eix 2<\/h2>\t\t\t\t<\/div>\n\t\t\t\t<div class=\"elementor-element elementor-element-5c215df elementor-widget elementor-widget-heading\" data-id=\"5c215df\" data-element_type=\"widget\" data-e-type=\"widget\" data-widget_type=\"heading.default\">\n\t\t\t\t\t<h2 class=\"elementor-heading-title elementor-size-default\">Professionals i Organitzaci\u00f3<\/h2>\t\t\t\t<\/div>\n\t\t\t\t<div class=\"elementor-element elementor-element-fa408ba elementor-widget elementor-widget-text-editor\" data-id=\"fa408ba\" data-element_type=\"widget\" data-e-type=\"widget\" data-widget_type=\"text-editor.default\">\n\t\t\t\t\t\t\t\t\tTenir cura dels nostres professionals i <b>fer evolucionar la nostra organitzaci\u00f3<\/b> s\u00f3n prioritats pels propers anys.\t\t\t\t\t\t\t\t<\/div>\n\t\t\t\t<div class=\"elementor-element elementor-element-b3e852a elementor-widget elementor-widget-text-editor\" data-id=\"b3e852a\" data-element_type=\"widget\" data-e-type=\"widget\" data-widget_type=\"text-editor.default\">\n\t\t\t\t\t\t\t\t\t<p><span class=\"mark\">L05<\/span><br \/>Impulsem la nostra identitat, cultura i valors.<\/p><p><span class=\"mark\">L06<\/span><br \/>Enfortim el capital hum\u00e0, atraiem talent i millorem l\u2019experi\u00e8ncia de vida laboral.<\/p><p><span class=\"mark\">L07<\/span><br \/>Evolucionem cap a una organitzaci\u00f3 transparent, coherent, col\u00b7laborativa i participativa.<\/p>\t\t\t\t\t\t\t\t<\/div>\n\t\t\t\t<\/div>\n\t\t\t\t\t<\/div>\n\t\t\t\t<\/div>\n\t\t\t\t\t<\/div>\n\t\t\t\t<\/div>\n\t\t\t\t\t<\/div>\n\t\t\t\t<\/div>\n\t\t<div class=\"elementor-element elementor-element-fae58ac e-flex e-con-boxed e-con e-parent\" data-id=\"fae58ac\" data-element_type=\"container\" data-e-type=\"container\" id=\"eix3\">\n\t\t\t\t\t<div class=\"e-con-inner\">\n\t\t<div class=\"elementor-element elementor-element-37f2d31 e-flex e-con-boxed e-con e-child\" data-id=\"37f2d31\" data-element_type=\"container\" data-e-type=\"container\">\n\t\t\t\t\t<div class=\"e-con-inner\">\n\t\t<div class=\"elementor-element elementor-element-7848416 e-con-full e-flex elementor-invisible e-con e-child\" data-id=\"7848416\" data-element_type=\"container\" data-e-type=\"container\" data-settings=\"{&quot;animation&quot;:&quot;fadeInUp&quot;}\">\n\t\t\t\t<div class=\"elementor-element elementor-element-8091599 elementor-widget__width-inherit elementor-invisible elementor-widget elementor-widget-heading\" data-id=\"8091599\" data-element_type=\"widget\" data-e-type=\"widget\" data-settings=\"{&quot;_animation&quot;:&quot;fadeInUp&quot;}\" data-widget_type=\"heading.default\">\n\t\t\t\t\t<h2 class=\"elementor-heading-title elementor-size-default\">Eix 3<\/h2>\t\t\t\t<\/div>\n\t\t\t\t<div class=\"elementor-element elementor-element-3f53738 elementor-widget elementor-widget-heading\" data-id=\"3f53738\" data-element_type=\"widget\" data-e-type=\"widget\" data-widget_type=\"heading.default\">\n\t\t\t\t\t<h2 class=\"elementor-heading-title elementor-size-default\">Ecosistema, Impacte i Territori<\/h2>\t\t\t\t<\/div>\n\t\t\t\t<div class=\"elementor-element elementor-element-01e79f7 elementor-widget elementor-widget-text-editor\" data-id=\"01e79f7\" data-element_type=\"widget\" data-e-type=\"widget\" data-widget_type=\"text-editor.default\">\n\t\t\t\t\t\t\t\t\tVolem ser impulsors d\u2019un <b>model territorial sostenible econ\u00f2micament, socialment i mediambientalment.<\/b>\t\t\t\t\t\t\t\t<\/div>\n\t\t\t\t<div class=\"elementor-element elementor-element-5e2f9fd elementor-widget elementor-widget-text-editor\" data-id=\"5e2f9fd\" data-element_type=\"widget\" data-e-type=\"widget\" data-widget_type=\"text-editor.default\">\n\t\t\t\t\t\t\t\t\t<p><span class=\"mark\">L08<\/span><br \/>Impulsem un model territorial sostenible econ\u00f2micament, socialment i mediambientalment<\/p><p><span class=\"mark\">L09<\/span><br \/>Millorem la nostra capacitat d\u2019influ\u00e8ncia i impacte a tot l\u2019ecosistema.<\/p><p><span class=\"mark\">L10<\/span><br \/>Projectem l\u2019ADN de Sant Joan de D\u00e9u dins i fora de l\u2019organitzaci\u00f3.<\/p>\t\t\t\t\t\t\t\t<\/div>\n\t\t\t\t<\/div>\n\t\t<div class=\"elementor-element elementor-element-ec6017a animated-slow e-flex e-con-boxed elementor-invisible e-con e-child\" data-id=\"ec6017a\" data-element_type=\"container\" data-e-type=\"container\" data-settings=\"{&quot;animation&quot;:&quot;pulse&quot;}\">\n\t\t\t\t\t<div class=\"e-con-inner\">\n\t\t\t\t<div class=\"elementor-element elementor-element-e076fa1 elementor-widget elementor-widget-image\" data-id=\"e076fa1\" data-element_type=\"widget\" data-e-type=\"widget\" data-widget_type=\"image.default\">\n\t\t\t\t\t\t\t\t\t\t\t\t\t\t\t<img loading=\"lazy\" decoding=\"async\" width=\"800\" height=\"533\" src=\"https:\/\/www.pssjd.org\/somhi\/wp-content\/uploads\/2025\/12\/EIX3.jpg\" class=\"attachment-large size-large wp-image-320\" alt=\"\" srcset=\"https:\/\/www.pssjd.org\/somhi\/wp-content\/uploads\/2025\/12\/EIX3.jpg 800w, https:\/\/www.pssjd.org\/somhi\/wp-content\/uploads\/2025\/12\/EIX3-300x200.jpg 300w, https:\/\/www.pssjd.org\/somhi\/wp-content\/uploads\/2025\/12\/EIX3-768x512.jpg 768w\" sizes=\"(max-width: 800px) 100vw, 800px\" \/>\t\t\t\t\t\t\t\t\t\t\t\t\t\t\t<\/div>\n\t\t\t\t\t<\/div>\n\t\t\t\t<\/div>\n\t\t\t\t\t<\/div>\n\t\t\t\t<\/div>\n\t\t\t\t\t<\/div>\n\t\t\t\t<\/div>\n\t\t\t\t<\/div>\n\t\t","protected":false},"excerpt":{"rendered":"<p>EIXOS Tres eixos, tres vies per seguir avan\u00e7ant Acompanyem les persones en les seves necessitats de salut i socials al llarg de la vida, per contribuir a una societat m\u00e9s justa i solid\u00e0ria El Pla Estrat\u00e8gic del Parc Sanitari Sant Joan de D\u00e9u neix de la voluntat d\u2019integrar la instituci\u00f3 en un proc\u00e9s de transformaci\u00f3 [&hellip;]<\/p>\n","protected":false},"author":2,"featured_media":0,"parent":0,"menu_order":0,"comment_status":"closed","ping_status":"closed","template":"elementor_header_footer","meta":{"footnotes":""},"class_list":["post-252","page","type-page","status-publish","hentry"],"_links":{"self":[{"href":"https:\/\/www.pssjd.org\/somhi\/wp-json\/wp\/v2\/pages\/252","targetHints":{"allow":["GET"]}}],"collection":[{"href":"https:\/\/www.pssjd.org\/somhi\/wp-json\/wp\/v2\/pages"}],"about":[{"href":"https:\/\/www.pssjd.org\/somhi\/wp-json\/wp\/v2\/types\/page"}],"author":[{"embeddable":true,"href":"https:\/\/www.pssjd.org\/somhi\/wp-json\/wp\/v2\/users\/2"}],"replies":[{"embeddable":true,"href":"https:\/\/www.pssjd.org\/somhi\/wp-json\/wp\/v2\/comments?post=252"}],"version-history":[{"count":64,"href":"https:\/\/www.pssjd.org\/somhi\/wp-json\/wp\/v2\/pages\/252\/revisions"}],"predecessor-version":[{"id":507,"href":"https:\/\/www.pssjd.org\/somhi\/wp-json\/wp\/v2\/pages\/252\/revisions\/507"}],"wp:attachment":[{"href":"https:\/\/www.pssjd.org\/somhi\/wp-json\/wp\/v2\/media?parent=252"}],"curies":[{"name":"wp","href":"https:\/\/api.w.org\/{rel}","templated":true}]}}