{"id":265,"date":"2025-11-17T12:55:42","date_gmt":"2025-11-17T12:55:42","guid":{"rendered":"https:\/\/somhi.pssjd.org\/?page_id=265"},"modified":"2025-12-17T12:48:30","modified_gmt":"2025-12-17T11:48:30","slug":"objectius","status":"publish","type":"page","link":"https:\/\/www.pssjd.org\/somhi\/objectius\/","title":{"rendered":"Objectius"},"content":{"rendered":"\t\t<div data-elementor-type=\"wp-page\" data-elementor-id=\"265\" class=\"elementor elementor-265\" data-elementor-post-type=\"page\">\n\t\t\t\t<div class=\"elementor-element elementor-element-834db33 e-con-full e-flex e-con e-parent\" data-id=\"834db33\" data-element_type=\"container\" data-e-type=\"container\" data-settings=\"{&quot;background_background&quot;:&quot;classic&quot;,&quot;shape_divider_bottom&quot;:&quot;curve&quot;,&quot;shape_divider_bottom_negative&quot;:&quot;yes&quot;}\">\n\t\t\t\t<div class=\"elementor-shape elementor-shape-bottom\" aria-hidden=\"true\" data-negative=\"true\">\n\t\t\t<svg xmlns=\"http:\/\/www.w3.org\/2000\/svg\" viewBox=\"0 0 1000 100\" preserveAspectRatio=\"none\">\n\t<path class=\"elementor-shape-fill\" d=\"M500,97C126.7,96.3,0.8,19.8,0,0v100l1000,0V1C1000,19.4,873.3,97.8,500,97z\"\/>\n<\/svg>\t\t<\/div>\n\t\t<div class=\"elementor-element elementor-element-23a2732 e-con-full e-flex e-con e-child\" data-id=\"23a2732\" data-element_type=\"container\" data-e-type=\"container\">\n\t\t<div class=\"elementor-element elementor-element-2237f90 e-flex e-con-boxed e-con e-child\" data-id=\"2237f90\" data-element_type=\"container\" data-e-type=\"container\">\n\t\t\t\t\t<div class=\"e-con-inner\">\n\t\t\t\t<div class=\"elementor-element elementor-element-b375bb6 elementor-invisible elementor-widget elementor-widget-heading\" data-id=\"b375bb6\" data-element_type=\"widget\" data-e-type=\"widget\" data-settings=\"{&quot;_animation&quot;:&quot;fadeIn&quot;}\" data-widget_type=\"heading.default\">\n\t\t\t\t\t<h1 class=\"elementor-heading-title elementor-size-default\">OBJECTIUS ESTRAT\u00c8GICS<\/h1>\t\t\t\t<\/div>\n\t\t\t\t<div class=\"elementor-element elementor-element-96ca9e0 elementor-invisible elementor-widget elementor-widget-heading\" data-id=\"96ca9e0\" data-element_type=\"widget\" data-e-type=\"widget\" data-settings=\"{&quot;_animation&quot;:&quot;fadeInUp&quot;}\" data-widget_type=\"heading.default\">\n\t\t\t\t\t<h1 class=\"elementor-heading-title elementor-size-default\">L\u00edders i referents <\/h1>\t\t\t\t<\/div>\n\t\t\t\t\t<\/div>\n\t\t\t\t<\/div>\n\t\t\t\t<\/div>\n\t\t\t\t<\/div>\n\t\t<div class=\"elementor-element elementor-element-fc34bed e-con-full e-flex e-con e-parent\" data-id=\"fc34bed\" data-element_type=\"container\" data-e-type=\"container\">\n\t\t<div class=\"elementor-element elementor-element-9a4c993 e-flex e-con-boxed e-con e-child\" data-id=\"9a4c993\" data-element_type=\"container\" data-e-type=\"container\">\n\t\t\t\t\t<div class=\"e-con-inner\">\n\t\t\t\t<div class=\"elementor-element elementor-element-65fb000 elementor-invisible elementor-widget elementor-widget-heading\" data-id=\"65fb000\" data-element_type=\"widget\" data-e-type=\"widget\" data-settings=\"{&quot;_animation&quot;:&quot;fadeInUp&quot;}\" data-widget_type=\"heading.default\">\n\t\t\t\t\t<h2 class=\"elementor-heading-title elementor-size-default\">Per construir una <mark>societat m\u00e9s justa i solid\u00e0ria<\/mark> hem de consolidar l\u2019excel\u00b7l\u00e8ncia i liderar els models d\u2019atenci\u00f3<\/h2>\t\t\t\t<\/div>\n\t\t<div class=\"elementor-element elementor-element-18f0b74 e-con-full e-flex e-con e-child\" data-id=\"18f0b74\" data-element_type=\"container\" data-e-type=\"container\">\n\t\t<div class=\"elementor-element elementor-element-2a2221d e-con-full e-flex e-con e-child\" data-id=\"2a2221d\" data-element_type=\"container\" data-e-type=\"container\">\n\t\t\t\t<div class=\"elementor-element elementor-element-6f7c38c elementor-widget elementor-widget-text-editor\" data-id=\"6f7c38c\" data-element_type=\"widget\" data-e-type=\"widget\" data-widget_type=\"text-editor.default\">\n\t\t\t\t\t\t\t\t\t<p>El Pla estrat\u00e8gic 2025-2028 neix de l\u2019escolta i comprensi\u00f3 dels reptes reals de la societat amb la voluntat de canviar el m\u00f3n comen\u00e7ant pel que \u00e9s m\u00e9s proper, pel que ens envolta, i sempre des del territori. \u00c9s per aix\u00f2 que ens fixem 3 objectius estrat\u00e8gics:<\/p>\t\t\t\t\t\t\t\t<\/div>\n\t\t\t\t<div class=\"elementor-element elementor-element-bd7bdbb elementor-widget elementor-widget-text-editor\" data-id=\"bd7bdbb\" data-element_type=\"widget\" data-e-type=\"widget\" data-widget_type=\"text-editor.default\">\n\t\t\t\t\t\t\t\t\t<ol class=\"ol1\">\n \t<li class=\"li1\"><b>Liderar el model d\u2019atenci\u00f3 integral i integrada <\/b><span class=\"s1\"><b><i>a Catalunya<\/i><\/b><\/span>. Esdevenint el referent de l\u2019administraci\u00f3 per acompanyar les persones en les seves necessitats sanit\u00e0ries i socials, al llarg de tota la vida, mitjan\u00e7ant:\n\u2022 La coordinaci\u00f3 amb les diferents \u00e0rees assistencials i altres agents del sistema.\n\u2022La consolidaci\u00f3 i impuls d\u2019\u00e0rees d\u2019excel\u00b7l\u00e8ncia i terciarisme.<\/li>\n \t<li class=\"li1\"><b>Esdevenir un referent europeu en Salut Mental i Atenci\u00f3 interm\u00e8dia a Espanya, i un hospital comunitari accessible i comprom\u00e8s amb la ciutadania<\/b>. Definint i liderant projectes de gran abast i impulsant la doc\u00e8ncia, la recerca i la innovaci\u00f3.<\/li>\n \t<li class=\"li1\"><b>Desenvolupar un lideratge gener\u00f3s, participatiu, col\u00b7laboratiu i amb impacte al territori i amb diferents agents de l\u2019ecosistema<\/b>. Renovant el comprom\u00eds del PSSJD i els seus equips amb la societat, i afrontant els reptes de futur mitjan\u00e7ant projectes transformadors.<\/li>\n<\/ol>\t\t\t\t\t\t\t\t<\/div>\n\t\t\t\t<\/div>\n\t\t<div class=\"elementor-element elementor-element-297c70e e-con-full e-flex e-con e-child\" data-id=\"297c70e\" data-element_type=\"container\" data-e-type=\"container\">\n\t\t\t\t<div class=\"elementor-element elementor-element-b552d6c elementor-widget elementor-widget-image\" data-id=\"b552d6c\" data-element_type=\"widget\" data-e-type=\"widget\" data-widget_type=\"image.default\">\n\t\t\t\t\t\t\t\t\t\t\t\t\t\t\t<img fetchpriority=\"high\" decoding=\"async\" width=\"800\" height=\"772\" src=\"https:\/\/www.pssjd.org\/somhi\/wp-content\/uploads\/2025\/10\/ambiciopssjd.jpg\" class=\"attachment-large size-large wp-image-125\" alt=\"\" srcset=\"https:\/\/www.pssjd.org\/somhi\/wp-content\/uploads\/2025\/10\/ambiciopssjd.jpg 816w, https:\/\/www.pssjd.org\/somhi\/wp-content\/uploads\/2025\/10\/ambiciopssjd-300x289.jpg 300w, https:\/\/www.pssjd.org\/somhi\/wp-content\/uploads\/2025\/10\/ambiciopssjd-768x741.jpg 768w\" sizes=\"(max-width: 800px) 100vw, 800px\" \/>\t\t\t\t\t\t\t\t\t\t\t\t\t\t\t<\/div>\n\t\t\t\t<\/div>\n\t\t\t\t<\/div>\n\t\t\t\t\t<\/div>\n\t\t\t\t<\/div>\n\t\t\t\t<\/div>\n\t\t<div class=\"elementor-element elementor-element-7605883 e-flex e-con-boxed e-con e-parent\" data-id=\"7605883\" data-element_type=\"container\" data-e-type=\"container\" data-settings=\"{&quot;background_background&quot;:&quot;classic&quot;}\">\n\t\t\t\t\t<div class=\"e-con-inner\">\n\t\t\t\t<div class=\"elementor-element elementor-element-56ab851 elementor-widget elementor-widget-heading\" data-id=\"56ab851\" data-element_type=\"widget\" data-e-type=\"widget\" data-widget_type=\"heading.default\">\n\t\t\t\t\t<h2 class=\"elementor-heading-title elementor-size-default\">3 eixos\n<\/h2>\t\t\t\t<\/div>\n\t\t<div class=\"elementor-element elementor-element-433968c e-con-full e-flex e-con e-child\" data-id=\"433968c\" data-element_type=\"container\" data-e-type=\"container\">\n\t\t<a class=\"elementor-element elementor-element-29a5167 e-con-full e-flex e-con e-child\" data-id=\"29a5167\" data-element_type=\"container\" data-e-type=\"container\" data-settings=\"{&quot;background_background&quot;:&quot;classic&quot;}\" href=\"https:\/\/www.pssjd.org\/somhi\/eixos\/#eix1\">\n\t\t\t\t<div class=\"elementor-element elementor-element-ffe6132 elementor-widget__width-inherit elementor-widget elementor-widget-heading\" data-id=\"ffe6132\" data-element_type=\"widget\" data-e-type=\"widget\" data-widget_type=\"heading.default\">\n\t\t\t\t\t<h2 class=\"elementor-heading-title elementor-size-default\">Persona Atesa, Model Assistencial i Coneixement<\/h2>\t\t\t\t<\/div>\n\t\t\t\t<\/a>\n\t\t<a class=\"elementor-element elementor-element-899496b e-con-full e-flex e-con e-child\" data-id=\"899496b\" data-element_type=\"container\" data-e-type=\"container\" data-settings=\"{&quot;background_background&quot;:&quot;classic&quot;}\" href=\"https:\/\/www.pssjd.org\/somhi\/eixos\/#eix2\">\n\t\t\t\t<div class=\"elementor-element elementor-element-87dd2fe elementor-widget__width-inherit elementor-widget elementor-widget-heading\" data-id=\"87dd2fe\" data-element_type=\"widget\" data-e-type=\"widget\" data-widget_type=\"heading.default\">\n\t\t\t\t\t<h2 class=\"elementor-heading-title elementor-size-default\">Professionals <br> i Organitzaci\u00f3<\/h2>\t\t\t\t<\/div>\n\t\t\t\t<\/a>\n\t\t<a class=\"elementor-element elementor-element-28a4a44 e-con-full e-flex e-con e-child\" data-id=\"28a4a44\" data-element_type=\"container\" data-e-type=\"container\" data-settings=\"{&quot;background_background&quot;:&quot;classic&quot;}\" href=\"https:\/\/www.pssjd.org\/somhi\/eixos\/#eix3\">\n\t\t\t\t<div class=\"elementor-element elementor-element-535d45f elementor-widget__width-inherit elementor-widget elementor-widget-heading\" data-id=\"535d45f\" data-element_type=\"widget\" data-e-type=\"widget\" data-widget_type=\"heading.default\">\n\t\t\t\t\t<h2 class=\"elementor-heading-title elementor-size-default\">Ecosistema, Impacte <br>i Territori<\/h2>\t\t\t\t<\/div>\n\t\t\t\t<\/a>\n\t\t\t\t<\/div>\n\t\t\t\t\t<\/div>\n\t\t\t\t<\/div>\n\t\t\t\t<\/div>\n\t\t","protected":false},"excerpt":{"rendered":"<p>OBJECTIUS ESTRAT\u00c8GICS L\u00edders i referents Per construir una societat m\u00e9s justa i solid\u00e0ria hem de consolidar l\u2019excel\u00b7l\u00e8ncia i liderar els models d\u2019atenci\u00f3 El Pla estrat\u00e8gic 2025-2028 neix de l\u2019escolta i comprensi\u00f3 dels reptes reals de la societat amb la voluntat de canviar el m\u00f3n comen\u00e7ant pel que \u00e9s m\u00e9s proper, pel que ens envolta, i [&hellip;]<\/p>\n","protected":false},"author":2,"featured_media":0,"parent":0,"menu_order":0,"comment_status":"closed","ping_status":"closed","template":"elementor_header_footer","meta":{"footnotes":""},"class_list":["post-265","page","type-page","status-publish","hentry"],"_links":{"self":[{"href":"https:\/\/www.pssjd.org\/somhi\/wp-json\/wp\/v2\/pages\/265","targetHints":{"allow":["GET"]}}],"collection":[{"href":"https:\/\/www.pssjd.org\/somhi\/wp-json\/wp\/v2\/pages"}],"about":[{"href":"https:\/\/www.pssjd.org\/somhi\/wp-json\/wp\/v2\/types\/page"}],"author":[{"embeddable":true,"href":"https:\/\/www.pssjd.org\/somhi\/wp-json\/wp\/v2\/users\/2"}],"replies":[{"embeddable":true,"href":"https:\/\/www.pssjd.org\/somhi\/wp-json\/wp\/v2\/comments?post=265"}],"version-history":[{"count":28,"href":"https:\/\/www.pssjd.org\/somhi\/wp-json\/wp\/v2\/pages\/265\/revisions"}],"predecessor-version":[{"id":504,"href":"https:\/\/www.pssjd.org\/somhi\/wp-json\/wp\/v2\/pages\/265\/revisions\/504"}],"wp:attachment":[{"href":"https:\/\/www.pssjd.org\/somhi\/wp-json\/wp\/v2\/media?parent=265"}],"curies":[{"name":"wp","href":"https:\/\/api.w.org\/{rel}","templated":true}]}}